{"id":49089,"date":"2022-06-08T09:25:56","date_gmt":"2022-06-08T09:25:56","guid":{"rendered":"https:\/\/inukacoaching.com\/casestudies\/veerkracht-bij-de-politie-versterken\/"},"modified":"2026-02-24T05:34:22","modified_gmt":"2026-02-24T05:34:22","slug":"politie","status":"publish","type":"page","link":"https:\/\/inukacoaching.com\/nl\/casestudies\/politie\/","title":{"rendered":"Veerkracht bij de politie versterken"},"content":{"rendered":"\t\t<div data-elementor-type=\"wp-page\" data-elementor-id=\"49089\" class=\"elementor elementor-49089 elementor-21637\" data-elementor-post-type=\"page\">\n\t\t\t\t\t\t<section class=\"elementor-section elementor-top-section elementor-element elementor-element-326457d9 elementor-section-boxed elementor-section-height-default elementor-section-height-default\" data-id=\"326457d9\" data-element_type=\"section\" data-e-type=\"section\" data-settings=\"{&quot;background_background&quot;:&quot;classic&quot;}\">\n\t\t\t\t\t\t<div class=\"elementor-container elementor-column-gap-default\">\n\t\t\t\t\t<div class=\"elementor-column elementor-col-50 elementor-top-column elementor-element elementor-element-507c0cd\" data-id=\"507c0cd\" data-element_type=\"column\" data-e-type=\"column\">\n\t\t\t<div class=\"elementor-widget-wrap elementor-element-populated\">\n\t\t\t\t\t\t<div class=\"elementor-element elementor-element-bcd8586 elementor-widget elementor-widget-text-editor\" data-id=\"bcd8586\" data-element_type=\"widget\" data-e-type=\"widget\" data-widget_type=\"text-editor.default\">\n\t\t\t\t\t\t\t\t\t<div class=\"elementor-element elementor-element-50de46f elementor-widget elementor-widget-theme-post-content\" data-id=\"50de46f\" data-element_type=\"widget\" data-widget_type=\"theme-post-content.default\"><div class=\"elementor-widget-container\"><div class=\"elementor-element elementor-element-50de46f elementor-widget elementor-widget-theme-post-content\" data-id=\"50de46f\" data-element_type=\"widget\" data-widget_type=\"theme-post-content.default\"><div class=\"elementor-widget-container\"><p><span style=\"font-size: 16px;\">In de stressvolle omgeving van wetshandhaving is het van cruciaal belang om mentale veerkracht te behouden. De politie werkt samen met Inuka Coaching om agenten te ondersteunen door middel van priv\u00e9 \u00e9\u00e9n-op-\u00e9\u00e9n sessies en snelle zelfcontroles, om hen te helpen persoonlijke en professionele uitdagingen het hoofd te bieden.   <\/span><\/p><p><span style=\"font-size: 16px;\">Dit verhaal laat zien hoe deze inspanningen niet alleen de gesprekken rond geestelijke gezondheid verbeterden, maar ook leidden tot aanzienlijke betrokkenheid en effectieve preventieve maatregelen. HR-professionals en organisatieleiders zullen nuttige tips vinden over het bevorderen van veerkracht en welzijn in veeleisende werkomgevingen. <\/span><\/p><\/div><\/div><\/div><\/div>\t\t\t\t\t\t\t\t<\/div>\n\t\t\t\t<div class=\"elementor-element elementor-element-a13540a elementor-widget elementor-widget-button\" data-id=\"a13540a\" data-element_type=\"widget\" data-e-type=\"widget\" data-widget_type=\"button.default\">\n\t\t\t\t\t\t\t\t\t\t<a class=\"elementor-button elementor-button-link elementor-size-sm\" href=\"https:\/\/inukacoaching.com\/wp-content\/uploads\/2024\/11\/NL-Case-Study-Politie-refreshed-Aug-2024.pdf\" target=\"_blank\">\n\t\t\t\t\t\t<span class=\"elementor-button-content-wrapper\">\n\t\t\t\t\t\t\t\t\t<span class=\"elementor-button-text\">Open volledige casestudy<\/span>\n\t\t\t\t\t<\/span>\n\t\t\t\t\t<\/a>\n\t\t\t\t\t\t\t\t<\/div>\n\t\t\t\t\t<\/div>\n\t\t<\/div>\n\t\t\t\t<div class=\"elementor-column elementor-col-50 elementor-top-column elementor-element elementor-element-1664003c\" data-id=\"1664003c\" data-element_type=\"column\" data-e-type=\"column\">\n\t\t\t<div class=\"elementor-widget-wrap elementor-element-populated\">\n\t\t\t\t\t\t<div class=\"elementor-element elementor-element-6e90c19c elementor-widget elementor-widget-image\" data-id=\"6e90c19c\" data-element_type=\"widget\" data-e-type=\"widget\" data-widget_type=\"image.default\">\n\t\t\t\t\t\t\t\t\t\t\t\t\t\t\t\t<a href=\"#download\">\n\t\t\t\t\t\t\t<img fetchpriority=\"high\" decoding=\"async\" width=\"724\" height=\"1024\" src=\"https:\/\/inukacoaching.com\/wp-content\/uploads\/2024\/11\/NL-Case-Study-Politie-refreshed-Aug-2024-724x1024.png\" class=\"attachment-large size-large wp-image-45644\" alt=\"\" srcset=\"https:\/\/inukacoaching.com\/wp-content\/uploads\/2024\/11\/NL-Case-Study-Politie-refreshed-Aug-2024-724x1024.png 724w, https:\/\/inukacoaching.com\/wp-content\/uploads\/2024\/11\/NL-Case-Study-Politie-refreshed-Aug-2024-212x300.png 212w, https:\/\/inukacoaching.com\/wp-content\/uploads\/2024\/11\/NL-Case-Study-Politie-refreshed-Aug-2024-768x1086.png 768w, https:\/\/inukacoaching.com\/wp-content\/uploads\/2024\/11\/NL-Case-Study-Politie-refreshed-Aug-2024-1086x1536.png 1086w, https:\/\/inukacoaching.com\/wp-content\/uploads\/2024\/11\/NL-Case-Study-Politie-refreshed-Aug-2024-8x12.png 8w, https:\/\/inukacoaching.com\/wp-content\/uploads\/2024\/11\/NL-Case-Study-Politie-refreshed-Aug-2024.png 1414w\" sizes=\"(max-width: 724px) 100vw, 724px\" title=\"\">\t\t\t\t\t\t\t\t<\/a>\n\t\t\t\t\t\t\t\t\t\t\t\t\t\t\t<\/div>\n\t\t\t\t\t<\/div>\n\t\t<\/div>\n\t\t\t\t\t<\/div>\n\t\t<\/section>\n\t\t\t\t<section class=\"elementor-section elementor-top-section elementor-element elementor-element-3662fd9d elementor-section-boxed elementor-section-height-default elementor-section-height-default\" data-id=\"3662fd9d\" data-element_type=\"section\" data-e-type=\"section\">\n\t\t\t\t\t\t<div class=\"elementor-container elementor-column-gap-default\">\n\t\t\t\t\t<div class=\"elementor-column elementor-col-100 elementor-top-column elementor-element elementor-element-43846151\" data-id=\"43846151\" data-element_type=\"column\" data-e-type=\"column\" data-settings=\"{&quot;background_background&quot;:&quot;classic&quot;}\">\n\t\t\t<div class=\"elementor-widget-wrap elementor-element-populated\">\n\t\t\t\t\t\t<div class=\"elementor-element elementor-element-43e0ede6 elementor-widget elementor-widget-heading\" data-id=\"43e0ede6\" data-element_type=\"widget\" data-e-type=\"widget\" data-widget_type=\"heading.default\">\n\t\t\t\t\t<h2 class=\"elementor-heading-title elementor-size-default\">Meer informatie over Inuka Coaching<\/h2>\t\t\t\t<\/div>\n\t\t\t\t<section class=\"elementor-section elementor-inner-section elementor-element elementor-element-2c7b491e elementor-section-boxed elementor-section-height-default elementor-section-height-default\" data-id=\"2c7b491e\" data-element_type=\"section\" data-e-type=\"section\">\n\t\t\t\t\t\t<div class=\"elementor-container elementor-column-gap-default\">\n\t\t\t\t\t<div class=\"make-column-clickable-elementor elementor-column elementor-col-50 elementor-inner-column elementor-element elementor-element-1a98bceb\" style=\"cursor: pointer;\" data-column-clickable=\"https:\/\/inukacoaching.com\/\" data-column-clickable-blank=\"_self\" data-id=\"1a98bceb\" data-element_type=\"column\" data-e-type=\"column\" data-settings=\"{&quot;background_background&quot;:&quot;classic&quot;}\">\n\t\t\t<div class=\"elementor-widget-wrap elementor-element-populated\">\n\t\t\t\t\t\t<div class=\"elementor-element elementor-element-37cde017 elementor-widget elementor-widget-heading\" data-id=\"37cde017\" data-element_type=\"widget\" data-e-type=\"widget\" data-widget_type=\"heading.default\">\n\t\t\t\t\t<h2 class=\"elementor-heading-title elementor-size-default\">Voor organisaties<\/h2>\t\t\t\t<\/div>\n\t\t\t\t<div class=\"elementor-element elementor-element-19469802 elementor-widget elementor-widget-heading\" data-id=\"19469802\" data-element_type=\"widget\" data-e-type=\"widget\" data-widget_type=\"heading.default\">\n\t\t\t\t\t<p class=\"elementor-heading-title elementor-size-default\">We ondersteunen organisaties om de drempel te verlagen voor medewerkers die zich niet goed voelen en niet goed functioneren om eerder hulp te zoeken.  <\/p>\t\t\t\t<\/div>\n\t\t\t\t<div class=\"elementor-element elementor-element-5489ea38 elementor-widget elementor-widget-button\" data-id=\"5489ea38\" data-element_type=\"widget\" data-e-type=\"widget\" data-widget_type=\"button.default\">\n\t\t\t\t\t\t\t\t\t\t<a class=\"elementor-button elementor-button-link elementor-size-sm\" href=\"https:\/\/inukacoaching.com\/nl\/voor-organisaties\/\">\n\t\t\t\t\t\t<span class=\"elementor-button-content-wrapper\">\n\t\t\t\t\t\t\t\t\t<span class=\"elementor-button-text\">Voor organisaties<\/span>\n\t\t\t\t\t<\/span>\n\t\t\t\t\t<\/a>\n\t\t\t\t\t\t\t\t<\/div>\n\t\t\t\t\t<\/div>\n\t\t<\/div>\n\t\t\t\t<div class=\"make-column-clickable-elementor elementor-column elementor-col-50 elementor-inner-column elementor-element elementor-element-2cd8cd03\" style=\"cursor: pointer;\" data-column-clickable=\"https:\/\/inukacoaching.com\/employees\" data-column-clickable-blank=\"_self\" data-id=\"2cd8cd03\" data-element_type=\"column\" data-e-type=\"column\" data-settings=\"{&quot;background_background&quot;:&quot;classic&quot;}\">\n\t\t\t<div class=\"elementor-widget-wrap elementor-element-populated\">\n\t\t\t\t\t\t<div class=\"elementor-element elementor-element-5978024e elementor-widget elementor-widget-heading\" data-id=\"5978024e\" data-element_type=\"widget\" data-e-type=\"widget\" data-widget_type=\"heading.default\">\n\t\t\t\t\t<h2 class=\"elementor-heading-title elementor-size-default\">Voor werknemers<\/h2>\t\t\t\t<\/div>\n\t\t\t\t<div class=\"elementor-element elementor-element-1796d620 elementor-widget elementor-widget-heading\" data-id=\"1796d620\" data-element_type=\"widget\" data-e-type=\"widget\" data-widget_type=\"heading.default\">\n\t\t\t\t\t<p class=\"elementor-heading-title elementor-size-default\">Ben je een werknemer en op zoek naar meer informatie over Inuka Coaching?<\/p>\t\t\t\t<\/div>\n\t\t\t\t<div class=\"elementor-element elementor-element-7efef12d elementor-widget elementor-widget-button\" data-id=\"7efef12d\" data-element_type=\"widget\" data-e-type=\"widget\" data-widget_type=\"button.default\">\n\t\t\t\t\t\t\t\t\t\t<a class=\"elementor-button elementor-button-link elementor-size-sm\" href=\"https:\/\/inukacoaching.com\/nl\/voor-medewerkers\/\">\n\t\t\t\t\t\t<span class=\"elementor-button-content-wrapper\">\n\t\t\t\t\t\t\t\t\t<span class=\"elementor-button-text\">Voor werknemers<\/span>\n\t\t\t\t\t<\/span>\n\t\t\t\t\t<\/a>\n\t\t\t\t\t\t\t\t<\/div>\n\t\t\t\t\t<\/div>\n\t\t<\/div>\n\t\t\t\t\t<\/div>\n\t\t<\/section>\n\t\t\t\t<section class=\"elementor-section elementor-inner-section elementor-element elementor-element-3a9efb98 elementor-section-boxed elementor-section-height-default elementor-section-height-default\" data-id=\"3a9efb98\" data-element_type=\"section\" data-e-type=\"section\">\n\t\t\t\t\t\t<div class=\"elementor-container elementor-column-gap-default\">\n\t\t\t\t\t<div class=\"make-column-clickable-elementor elementor-column elementor-col-33 elementor-inner-column elementor-element elementor-element-454881fd\" style=\"cursor: pointer;\" data-column-clickable=\"https:\/\/inukacoaching.com\/how-it-works\" data-column-clickable-blank=\"_self\" data-id=\"454881fd\" data-element_type=\"column\" data-e-type=\"column\" data-settings=\"{&quot;background_background&quot;:&quot;classic&quot;}\">\n\t\t\t<div class=\"elementor-widget-wrap elementor-element-populated\">\n\t\t\t\t\t\t<div class=\"elementor-element elementor-element-73edc540 elementor-widget elementor-widget-heading\" data-id=\"73edc540\" data-element_type=\"widget\" data-e-type=\"widget\" data-widget_type=\"heading.default\">\n\t\t\t\t\t<h2 class=\"elementor-heading-title elementor-size-default\">Hoe Inuka werkt<\/h2>\t\t\t\t<\/div>\n\t\t\t\t<div class=\"elementor-element elementor-element-81d537 elementor-widget elementor-widget-heading\" data-id=\"81d537\" data-element_type=\"widget\" data-e-type=\"widget\" data-widget_type=\"heading.default\">\n\t\t\t\t\t<p class=\"elementor-heading-title elementor-size-default\">Lees meer over onze zelfscan, coachingsmethode, resultaten en bewijzen, en nog veel meer.<\/p>\t\t\t\t<\/div>\n\t\t\t\t<div class=\"elementor-element elementor-element-3eff7a4 elementor-mobile-align-left elementor-widget elementor-widget-button\" data-id=\"3eff7a4\" data-element_type=\"widget\" data-e-type=\"widget\" data-widget_type=\"button.default\">\n\t\t\t\t\t\t\t\t\t\t<a class=\"elementor-button elementor-button-link elementor-size-md\" href=\"https:\/\/inukacoaching.com\/nl\/inuka-methode\/\">\n\t\t\t\t\t\t<span class=\"elementor-button-content-wrapper\">\n\t\t\t\t\t\t\t\t\t<span class=\"elementor-button-text\">Hoe het werkt<\/span>\n\t\t\t\t\t<\/span>\n\t\t\t\t\t<\/a>\n\t\t\t\t\t\t\t\t<\/div>\n\t\t\t\t\t<\/div>\n\t\t<\/div>\n\t\t\t\t<div class=\"make-column-clickable-elementor elementor-column elementor-col-33 elementor-inner-column elementor-element elementor-element-67ee6afc\" style=\"cursor: pointer;\" data-column-clickable=\"https:\/\/inukacoaching.com\/?page_id=60\" data-column-clickable-blank=\"_self\" data-id=\"67ee6afc\" data-element_type=\"column\" data-e-type=\"column\" data-settings=\"{&quot;background_background&quot;:&quot;classic&quot;}\">\n\t\t\t<div class=\"elementor-widget-wrap elementor-element-populated\">\n\t\t\t\t\t\t<div class=\"elementor-element elementor-element-111d04fd elementor-widget elementor-widget-heading\" data-id=\"111d04fd\" data-element_type=\"widget\" data-e-type=\"widget\" data-widget_type=\"heading.default\">\n\t\t\t\t\t<h2 class=\"elementor-heading-title elementor-size-default\">Over Inuka<\/h2>\t\t\t\t<\/div>\n\t\t\t\t<div class=\"elementor-element elementor-element-9a3a34a elementor-widget elementor-widget-heading\" data-id=\"9a3a34a\" data-element_type=\"widget\" data-e-type=\"widget\" data-widget_type=\"heading.default\">\n\t\t\t\t\t<p class=\"elementor-heading-title elementor-size-default\">Bij Inuka ondersteunen we werknemers om te groeien en met onze Foundation steunen we de meest kwetsbaren.<\/p>\t\t\t\t<\/div>\n\t\t\t\t<div class=\"elementor-element elementor-element-45dc7d2c elementor-mobile-align-left elementor-widget elementor-widget-button\" data-id=\"45dc7d2c\" data-element_type=\"widget\" data-e-type=\"widget\" data-widget_type=\"button.default\">\n\t\t\t\t\t\t\t\t\t\t<a class=\"elementor-button elementor-button-link elementor-size-md\" href=\"https:\/\/inukacoaching.com\/nl\/over-inuka\/\">\n\t\t\t\t\t\t<span class=\"elementor-button-content-wrapper\">\n\t\t\t\t\t\t\t\t\t<span class=\"elementor-button-text\">Over ons<\/span>\n\t\t\t\t\t<\/span>\n\t\t\t\t\t<\/a>\n\t\t\t\t\t\t\t\t<\/div>\n\t\t\t\t\t<\/div>\n\t\t<\/div>\n\t\t\t\t<div class=\"make-column-clickable-elementor elementor-column elementor-col-33 elementor-inner-column elementor-element elementor-element-5c70dce9\" style=\"cursor: pointer;\" data-column-clickable=\"https:\/\/inukacoaching.com\/blog\" data-column-clickable-blank=\"_self\" data-id=\"5c70dce9\" data-element_type=\"column\" data-e-type=\"column\" data-settings=\"{&quot;background_background&quot;:&quot;classic&quot;}\">\n\t\t\t<div class=\"elementor-widget-wrap elementor-element-populated\">\n\t\t\t\t\t\t<div class=\"elementor-element elementor-element-330d090a elementor-widget elementor-widget-heading\" data-id=\"330d090a\" data-element_type=\"widget\" data-e-type=\"widget\" data-widget_type=\"heading.default\">\n\t\t\t\t\t<h2 class=\"elementor-heading-title elementor-size-default\">Bronnen<\/h2>\t\t\t\t<\/div>\n\t\t\t\t<div class=\"elementor-element elementor-element-1c6c38bf elementor-widget elementor-widget-heading\" data-id=\"1c6c38bf\" data-element_type=\"widget\" data-e-type=\"widget\" data-widget_type=\"heading.default\">\n\t\t\t\t\t<p class=\"elementor-heading-title elementor-size-default\">Ontspan en geniet terwijl je onze blogs en andere bronnen doorbladert.<\/p>\t\t\t\t<\/div>\n\t\t\t\t<div class=\"elementor-element elementor-element-72cecfd elementor-mobile-align-left elementor-widget elementor-widget-button\" data-id=\"72cecfd\" data-element_type=\"widget\" data-e-type=\"widget\" data-widget_type=\"button.default\">\n\t\t\t\t\t\t\t\t\t\t<a class=\"elementor-button elementor-button-link elementor-size-md\" href=\"https:\/\/inukacoaching.com\/nl\/hr-hulp\/\">\n\t\t\t\t\t\t<span class=\"elementor-button-content-wrapper\">\n\t\t\t\t\t\t\t\t\t<span class=\"elementor-button-text\">Bronnen<\/span>\n\t\t\t\t\t<\/span>\n\t\t\t\t\t<\/a>\n\t\t\t\t\t\t\t\t<\/div>\n\t\t\t\t\t<\/div>\n\t\t<\/div>\n\t\t\t\t\t<\/div>\n\t\t<\/section>\n\t\t\t\t\t<\/div>\n\t\t<\/div>\n\t\t\t\t\t<\/div>\n\t\t<\/section>\n\t\t\t\t<\/div>\n\t\t","protected":false},"excerpt":{"rendered":"<p>Ontdek hoe de politie het welzijn van het personeel verbeterde door preventieve coaching van Inuka.<\/p>\n","protected":false},"author":3,"featured_media":44880,"parent":48055,"menu_order":1,"comment_status":"closed","ping_status":"closed","template":"","meta":{"_acf_changed":false,"_improvement_type_select":"improve_an_existing","_thumb_yes_seoaic":false,"_frame_yes_seoaic":false,"seoaic_generate_description":"","seoaic_improve_instructions_prompt":"","seoaic_rollback_content_improvement":"","seoaic_idea_thumbnail_generator":"","thumbnail_generated":false,"thumbnail_generate_prompt":"","seoaic_article_description":"","site-sidebar-layout":"no-sidebar","site-content-layout":"page-builder","ast-site-content-layout":"full-width-container","site-content-style":"unboxed","site-sidebar-style":"unboxed","ast-global-header-display":"","ast-banner-title-visibility":"","ast-main-header-display":"","ast-hfb-above-header-display":"","ast-hfb-below-header-display":"","ast-hfb-mobile-header-display":"","site-post-title":"disabled","ast-breadcrumbs-content":"","ast-featured-img":"disabled","footer-sml-layout":"","ast-disable-related-posts":"","theme-transparent-header-meta":"","adv-header-id-meta":"","stick-header-meta":"","header-above-stick-meta":"","header-main-stick-meta":"","header-below-stick-meta":"","astra-migrate-meta-layouts":"set","ast-page-background-enabled":"default","ast-page-background-meta":{"desktop":{"background-color":"var(--ast-global-color-4)","background-image":"","background-repeat":"repeat","background-position":"center center","background-size":"auto","background-attachment":"scroll","background-type":"","background-media":"","overlay-type":"","overlay-color":"","overlay-opacity":"","overlay-gradient":""},"tablet":{"background-color":"","background-image":"","background-repeat":"repeat","background-position":"center center","background-size":"auto","background-attachment":"scroll","background-type":"","background-media":"","overlay-type":"","overlay-color":"","overlay-opacity":"","overlay-gradient":""},"mobile":{"background-color":"","background-image":"","background-repeat":"repeat","background-position":"center center","background-size":"auto","background-attachment":"scroll","background-type":"","background-media":"","overlay-type":"","overlay-color":"","overlay-opacity":"","overlay-gradient":""}},"ast-content-background-meta":{"desktop":{"background-color":"var(--ast-global-color-5)","background-image":"","background-repeat":"repeat","background-position":"center center","background-size":"auto","background-attachment":"scroll","background-type":"","background-media":"","overlay-type":"","overlay-color":"","overlay-opacity":"","overlay-gradient":""},"tablet":{"background-color":"var(--ast-global-color-5)","background-image":"","background-repeat":"repeat","background-position":"center center","background-size":"auto","background-attachment":"scroll","background-type":"","background-media":"","overlay-type":"","overlay-color":"","overlay-opacity":"","overlay-gradient":""},"mobile":{"background-color":"var(--ast-global-color-5)","background-image":"","background-repeat":"repeat","background-position":"center center","background-size":"auto","background-attachment":"scroll","background-type":"","background-media":"","overlay-type":"","overlay-color":"","overlay-opacity":"","overlay-gradient":""}},"footnotes":""},"class_list":["post-49089","page","type-page","status-publish","has-post-thumbnail","hentry"],"acf":[],"_links":{"self":[{"href":"https:\/\/inukacoaching.com\/nl\/wp-json\/wp\/v2\/pages\/49089","targetHints":{"allow":["GET"]}}],"collection":[{"href":"https:\/\/inukacoaching.com\/nl\/wp-json\/wp\/v2\/pages"}],"about":[{"href":"https:\/\/inukacoaching.com\/nl\/wp-json\/wp\/v2\/types\/page"}],"author":[{"embeddable":true,"href":"https:\/\/inukacoaching.com\/nl\/wp-json\/wp\/v2\/users\/3"}],"replies":[{"embeddable":true,"href":"https:\/\/inukacoaching.com\/nl\/wp-json\/wp\/v2\/comments?post=49089"}],"version-history":[{"count":13,"href":"https:\/\/inukacoaching.com\/nl\/wp-json\/wp\/v2\/pages\/49089\/revisions"}],"predecessor-version":[{"id":49671,"href":"https:\/\/inukacoaching.com\/nl\/wp-json\/wp\/v2\/pages\/49089\/revisions\/49671"}],"up":[{"embeddable":true,"href":"https:\/\/inukacoaching.com\/nl\/wp-json\/wp\/v2\/pages\/48055"}],"wp:featuredmedia":[{"embeddable":true,"href":"https:\/\/inukacoaching.com\/nl\/wp-json\/wp\/v2\/media\/44880"}],"wp:attachment":[{"href":"https:\/\/inukacoaching.com\/nl\/wp-json\/wp\/v2\/media?parent=49089"}],"curies":[{"name":"wp","href":"https:\/\/api.w.org\/{rel}","templated":true}]}}